{"id":72,"date":"2017-05-03T07:56:03","date_gmt":"2017-05-03T05:56:03","guid":{"rendered":"http:\/\/chanter-avec-flora.com\/?page_id=72"},"modified":"2017-05-23T11:31:15","modified_gmt":"2017-05-23T09:31:15","slug":"lfa-sol-2-juin-2017-couffe","status":"publish","type":"page","link":"https:\/\/chanter-avec-flora.com\/index.php\/lfa-sol-2-juin-2017-couffe\/","title":{"rendered":"L&rsquo;FA SOL &#8211; 2 juin"},"content":{"rendered":"<p><img loading=\"lazy\" class=\" wp-image-55 alignleft\" src=\"http:\/\/chanter-avec-flora.com\/wp-content\/uploads\/2017\/04\/FETE-DE-LA-MUSIQUE-2017-copie-212x300.jpg\" alt=\"\" width=\"247\" height=\"350\" srcset=\"https:\/\/chanter-avec-flora.com\/wp-content\/uploads\/2017\/04\/FETE-DE-LA-MUSIQUE-2017-copie-212x300.jpg 212w, https:\/\/chanter-avec-flora.com\/wp-content\/uploads\/2017\/04\/FETE-DE-LA-MUSIQUE-2017-copie-768x1086.jpg 768w, https:\/\/chanter-avec-flora.com\/wp-content\/uploads\/2017\/04\/FETE-DE-LA-MUSIQUE-2017-copie-724x1024.jpg 724w, https:\/\/chanter-avec-flora.com\/wp-content\/uploads\/2017\/04\/FETE-DE-LA-MUSIQUE-2017-copie.jpg 788w\" sizes=\"(max-width: 247px) 100vw, 247px\" \/><\/p>\n<p><span style=\"font-family: Georgia,serif;\"><span style=\"font-size: medium;\"><span lang=\"en-US\"><img loading=\"lazy\" class=\"wp-image-97 alignleft\" title=\"logo L'FASOL\" src=\"http:\/\/chanter-avec-flora.com\/wp-content\/uploads\/2017\/05\/logo-LFa-Sol-3-soleil-258x300.png\" alt=\"logo L'FASOL\" width=\"64\" height=\"74\" srcset=\"https:\/\/chanter-avec-flora.com\/wp-content\/uploads\/2017\/05\/logo-LFa-Sol-3-soleil-258x300.png 258w, https:\/\/chanter-avec-flora.com\/wp-content\/uploads\/2017\/05\/logo-LFa-Sol-3-soleil.png 658w\" sizes=\"(max-width: 64px) 100vw, 64px\" \/><\/span><\/span><\/span><\/p>\n<p><a href=\"https:\/\/www.facebook.com\/lfasol\/?fref=ts\">Le trio L&rsquo;FaSol<\/a> se produira lors de la f\u00eate de la musique de Couff\u00e9 le 2 juin de 20h \u00e0 quand elles n&rsquo;auront plus de voix&#8230;<\/p>\n<p>Le <a href=\"https:\/\/www.facebook.com\/lfasol\/?fref=ts\">trio L&rsquo;Fa Sol<\/a> est un trio de voix f\u00e9minines. Laure, V\u00e9ronique et Flora\u00a0 chantent en cl\u00e9 de fa et de sol.<\/p>\n<p>Bruno assure la technique lors des concerts.<\/p>\n<p>Depuis quelques semaines, Patrick, guitariste, les accompagne.<\/p>\n<p>Les 3 filles se sont rencontr\u00e9es lors des r\u00e9p\u00e9titions de la Croche Choeur, la chorale adulte de l&rsquo;<a href=\"http:\/\/ecoledemusique-emi.com\/?p=1221\">EMI (Ecole de Musique Intercommunale de Nort sur Erdre, Casson, Petit Mars et Lign\u00e9).<\/a><\/p>\n<p>&nbsp;<\/p>\n<p style=\"text-align: right;\">Elles reprennent au gr\u00e9 de leurs envies des chansons qu&rsquo;elles harmonisent \u00e0 3 voix.<\/p>\n<p>&nbsp;<\/p>\n<p><img loading=\"lazy\" class=\"_4on7 _3mk2 img alignnone\" title=\"Trio L'Fa SOL F\u00eate de la musique COUFFE 2016\" src=\"https:\/\/scontent-cdg2-1.xx.fbcdn.net\/v\/t31.0-8\/13482883_267035403687828_3416099827207263770_o.jpg?oh=a5e2e08b266bfa1b04aff9b1da9deccd&amp;oe=598BBA0A\" alt=\"coucou\" width=\"2048\" height=\"1151\" \/><\/p>\n<p>Flora, Laure et V\u00e9ronique : f\u00eate de la musique de Couff\u00e9 juin 2016<\/p>\n<p>&nbsp;<\/p>\n<p><img loading=\"lazy\" class=\"spotlight alignleft\" src=\"https:\/\/scontent-cdg2-1.xx.fbcdn.net\/v\/t31.0-8\/14589756_344720709252630_1130288823865759170_o.jpg?oh=676ec65062667e6262b656a67497e29c&amp;oe=59BB9C8E\" alt=\"L\u2019image contient peut-\u00eatre\u00a0: 3 personnes, personnes debout et personnes qui jouent des instruments de musique\" width=\"435\" height=\"244\" \/><\/p>\n<p>Voici quelques titres du r\u00e9pertoire :<\/p>\n<p><span style=\"font-family: Georgia,serif;\"><span style=\"font-size: medium;\"><span lang=\"en-US\">&#8211; Marylin &amp; John (Vanessa Paradis)<\/span><\/span><\/span><\/p>\n<p><span style=\"font-family: Georgia,serif;\"><span style=\"font-size: medium;\"><span lang=\"en-US\">&#8211; Diamonds (Rihanna)<\/span><\/span><\/span><\/p>\n<p><span style=\"font-family: Georgia,serif;\"><span style=\"font-size: medium;\"><span lang=\"en-US\">&#8211; Down to the river to pray (a capella)<\/span><\/span><\/span><\/p>\n<p><span style=\"font-family: Georgia,serif;\"><span style=\"font-size: medium;\"><span lang=\"en-US\">&#8211; I really want it (a great big world)<\/span><\/span><\/span><\/p>\n<p><span style=\"font-family: Georgia,serif;\"><span style=\"font-size: medium;\">&#8211; L&rsquo;autre bout du monde (Emily Loizeau) <\/span><\/span><\/p>\n<p><span style=\"font-family: Georgia,serif;\"><span style=\"font-size: medium;\">&#8211; Le pouvoir des fleurs (<span class=\"_Xbe kno-fv\"><a class=\"fl\" href=\"https:\/\/www.google.fr\/search?safe=off&amp;client=firefox-b&amp;biw=1440&amp;bih=742&amp;q=Laurent+Voulzy&amp;stick=H4sIAAAAAAAAAOPgE-LRT9c3LDTNMjNMyc5T4tTP1TdIjk8rNtFSyk620s8tLc5M1i9KTc4vSsnMS49PziktLkktskosKsksLgEAk84Y7z8AAAA&amp;sa=X&amp;sqi=2&amp;ved=0ahUKEwidlenJhNPTAhVFaRQKHUzND6QQmxMILygBMAM\" data-ved=\"0ahUKEwidlenJhNPTAhVFaRQKHUzND6QQmxMILygBMAM\">Laurent Voulzy)<\/a><\/span><\/span><\/span><img loading=\"lazy\" class=\"spotlight alignleft\" src=\"https:\/\/scontent-cdg2-1.xx.fbcdn.net\/v\/t1.0-9\/13450940_266966213694747_6670599865923881258_n.jpg?oh=6dc4b1a05f6a4a37762f1d2e36925737&amp;oe=59C24B30\" alt=\"L\u2019image contient peut-\u00eatre\u00a0: 2 personnes, concert et nuit\" width=\"433\" height=\"325\" \/><\/p>\n<p><span style=\"font-family: Georgia,serif;\"><span style=\"font-size: medium;\">&#8211; Paradise (Noa Moon) <\/span><\/span><\/p>\n<p><span style=\"font-family: Georgia,serif;\"><span style=\"font-size: medium;\"><span lang=\"en-US\">&#8211; Helplessly hoping (Cosby, Still &amp; Nash)<\/span><\/span><\/span><\/p>\n<p><span style=\"font-family: Georgia,serif;\"><span style=\"font-size: medium;\">&#8211; Christine (<a href=\"http:\/\/www.christineandthequeens.com\/catq_language\/\">Christine and the Queens<\/a>)<\/span><\/span><\/p>\n<p><span style=\"font-family: Georgia,serif;\"><span style=\"font-size: medium;\"><span lang=\"en-US\">&#8211; I&rsquo;ll be waiting (Adele)<br \/>\n<\/span><\/span><\/span><\/p>\n","protected":false},"excerpt":{"rendered":"<p>Le trio L&rsquo;FaSol se produira lors de la f\u00eate de la musique de Couff\u00e9 le 2 juin de 20h \u00e0 quand elles n&rsquo;auront plus de voix&#8230; Le trio L&rsquo;Fa Sol est un trio de voix f\u00e9minines. Laure, V\u00e9ronique et Flora\u00a0 chantent en cl\u00e9 de fa et de sol. Bruno assure la technique lors des concerts. Depuis quelques semaines, Patrick, guitariste, les accompagne. Les 3 filles se sont rencontr\u00e9es lors des <a class=\"read-more\" href=\"https:\/\/chanter-avec-flora.com\/index.php\/lfa-sol-2-juin-2017-couffe\/\">Cliquer pour lire la suite !<\/a><\/p>\n","protected":false},"author":1,"featured_media":0,"parent":0,"menu_order":0,"comment_status":"closed","ping_status":"closed","template":"","meta":[],"_links":{"self":[{"href":"https:\/\/chanter-avec-flora.com\/index.php\/wp-json\/wp\/v2\/pages\/72"}],"collection":[{"href":"https:\/\/chanter-avec-flora.com\/index.php\/wp-json\/wp\/v2\/pages"}],"about":[{"href":"https:\/\/chanter-avec-flora.com\/index.php\/wp-json\/wp\/v2\/types\/page"}],"author":[{"embeddable":true,"href":"https:\/\/chanter-avec-flora.com\/index.php\/wp-json\/wp\/v2\/users\/1"}],"replies":[{"embeddable":true,"href":"https:\/\/chanter-avec-flora.com\/index.php\/wp-json\/wp\/v2\/comments?post=72"}],"version-history":[{"count":19,"href":"https:\/\/chanter-avec-flora.com\/index.php\/wp-json\/wp\/v2\/pages\/72\/revisions"}],"predecessor-version":[{"id":178,"href":"https:\/\/chanter-avec-flora.com\/index.php\/wp-json\/wp\/v2\/pages\/72\/revisions\/178"}],"wp:attachment":[{"href":"https:\/\/chanter-avec-flora.com\/index.php\/wp-json\/wp\/v2\/media?parent=72"}],"curies":[{"name":"wp","href":"https:\/\/api.w.org\/{rel}","templated":true}]}}