{"id":50,"date":"2017-04-28T06:49:57","date_gmt":"2017-04-28T04:49:57","guid":{"rendered":"http:\/\/chanter-avec-flora.com\/?page_id=50"},"modified":"2017-06-06T09:41:21","modified_gmt":"2017-06-06T07:41:21","slug":"concert-au-fil-de-lerdre-vendredi-9-juin-2017","status":"publish","type":"page","link":"https:\/\/chanter-avec-flora.com\/index.php\/concert-au-fil-de-lerdre-vendredi-9-juin-2017\/","title":{"rendered":"Au Fil de l&rsquo;Erdre &#8211; 9 juin"},"content":{"rendered":"<p>&nbsp;<\/p>\n<p><img loading=\"lazy\" class=\" wp-image-140 alignleft\" src=\"http:\/\/chanter-avec-flora.com\/wp-content\/uploads\/2017\/05\/concert-au-fil-Erdre-9-juin-2017-219x300.jpg\" alt=\"\" width=\"369\" height=\"505\" srcset=\"https:\/\/chanter-avec-flora.com\/wp-content\/uploads\/2017\/05\/concert-au-fil-Erdre-9-juin-2017-219x300.jpg 219w, https:\/\/chanter-avec-flora.com\/wp-content\/uploads\/2017\/05\/concert-au-fil-Erdre-9-juin-2017-768x1052.jpg 768w, https:\/\/chanter-avec-flora.com\/wp-content\/uploads\/2017\/05\/concert-au-fil-Erdre-9-juin-2017-748x1024.jpg 748w, https:\/\/chanter-avec-flora.com\/wp-content\/uploads\/2017\/05\/concert-au-fil-Erdre-9-juin-2017.jpg 1168w\" sizes=\"(max-width: 369px) 100vw, 369px\" \/><\/p>\n<p>Cette ann\u00e9e, la <a href=\"http:\/\/club.quomodo.com\/choraleaufildelerdre\">chorale Au Fil de l&rsquo;Erdre<\/a> accueille pour son concert annuel l&rsquo;ensemble vocal 8 de choeur.<\/p>\n<p>Vendredi 9 juin 2017 : <a href=\"https:\/\/fr.mappy.com\/#\/2\/M2\/TItinerary\/IFRVertou%2044120|TOPlace%20de%20l%27%C3%89glise%2C%2044390%20Nort-sur-Erdre|GP1.473|GTpetrol\/N151.12061,6.11309,-1.49681,47.43125\/Z17\/\">\u00e9glise de Nort sur Erdre<\/a><\/p>\n<p><img loading=\"lazy\" class=\" wp-image-58 alignright\" src=\"http:\/\/chanter-avec-flora.com\/wp-content\/uploads\/2017\/04\/IMG_2405-300x200.jpg\" alt=\"\" width=\"371\" height=\"247\" srcset=\"https:\/\/chanter-avec-flora.com\/wp-content\/uploads\/2017\/04\/IMG_2405-300x200.jpg 300w, https:\/\/chanter-avec-flora.com\/wp-content\/uploads\/2017\/04\/IMG_2405-768x512.jpg 768w, https:\/\/chanter-avec-flora.com\/wp-content\/uploads\/2017\/04\/IMG_2405-1024x683.jpg 1024w, https:\/\/chanter-avec-flora.com\/wp-content\/uploads\/2017\/04\/IMG_2405.jpg 1600w\" sizes=\"(max-width: 371px) 100vw, 371px\" \/><\/p>\n<p>&nbsp;<\/p>\n<p>&nbsp;<\/p>\n<p>&nbsp;<\/p>\n<p>&nbsp;<\/p>\n<p>&nbsp;<\/p>\n<p>&nbsp;<\/p>\n<p>&nbsp;<\/p>\n<p>&nbsp;<\/p>\n<p>&nbsp;<\/p>\n<p>&nbsp;<\/p>\n<h4><strong>Chorale Au fil de l&rsquo;Erdre<\/strong><\/h4>\n<p><img loading=\"lazy\" class=\" wp-image-188 alignleft\" src=\"http:\/\/chanter-avec-flora.com\/wp-content\/uploads\/2017\/04\/au-fil-de-lerdre-2016-2017-300x190.jpg\" alt=\"\" width=\"385\" height=\"244\" srcset=\"https:\/\/chanter-avec-flora.com\/wp-content\/uploads\/2017\/04\/au-fil-de-lerdre-2016-2017-300x190.jpg 300w, https:\/\/chanter-avec-flora.com\/wp-content\/uploads\/2017\/04\/au-fil-de-lerdre-2016-2017-768x487.jpg 768w, https:\/\/chanter-avec-flora.com\/wp-content\/uploads\/2017\/04\/au-fil-de-lerdre-2016-2017-1024x649.jpg 1024w\" sizes=\"(max-width: 385px) 100vw, 385px\" \/><\/p>\n<p>La chorale est un ensemble d&rsquo;environ une trentaine de choristes.<\/p>\n<p>L&rsquo;association a \u00e9t\u00e9 cr\u00e9e en janvier 1989. Elle a pour but de faire d\u00e9couvrir la musique polyphonique aux habitants de Nort sur Erdre et de la r\u00e9gion. Elle accueille toutes les personnes d\u00e9sirant chanter quel que soit leur niveau musical.<\/p>\n<p>Les r\u00e9p\u00e9titions ont lieu tous les mardis soir \u00e0 20h30 au <a href=\"https:\/\/fr.mappy.com\/#\/1\/M2\/TItinerary\/IFRVertou%2044120|TO18%20Impasse%20du%20Parc%2C%2044390%20Nort-sur-Erdre|GP1.473|GTpetrol\/N151.12061,6.11309,-1.40659,47.36583\/Z11\/\">Ch\u00e2teau du Port Mulon<\/a> \u00e0 Nort sur Erdre.<\/p>\n<p>La chorale recrute dans tous les pupitres \u00e0 compter de septembre prochain, alors si vous souhaitez nous rejoindre, n&rsquo;h\u00e9sitez pas \u00e0 venir participer \u00e0 une de nos r\u00e9p\u00e9titions !<\/p>\n<h2><img loading=\"lazy\" class=\"wp-image-163 alignright\" src=\"http:\/\/chanter-avec-flora.com\/wp-content\/uploads\/2017\/04\/160622-300x197.jpg\" alt=\"\" width=\"385\" height=\"253\" srcset=\"https:\/\/chanter-avec-flora.com\/wp-content\/uploads\/2017\/04\/160622-300x197.jpg 300w, https:\/\/chanter-avec-flora.com\/wp-content\/uploads\/2017\/04\/160622-768x505.jpg 768w, https:\/\/chanter-avec-flora.com\/wp-content\/uploads\/2017\/04\/160622-1024x674.jpg 1024w, https:\/\/chanter-avec-flora.com\/wp-content\/uploads\/2017\/04\/160622-352x230.jpg 352w, https:\/\/chanter-avec-flora.com\/wp-content\/uploads\/2017\/04\/160622.jpg 1617w\" sizes=\"(max-width: 385px) 100vw, 385px\" \/><\/h2>\n<p>La chorale se produira \u00e9galement :<\/p>\n<ul>\n<li>\u00e0 la f\u00eate de la musique de Nort sur Erdre le vendredi 16 juin vers 20h30<\/li>\n<li>\u00e0 la f\u00eate de la musique de Moisdon la rivi\u00e8re le samedi 17 juin<\/li>\n<\/ul>\n<p>Voici en \u00e9coute le Salve R\u00e9gina de Handel : <a href=\"https:\/\/www.youtube.com\/watch?v=h_1AdFFeE0c\">https:\/\/www.youtube.com\/watch?v=h_1AdFFeE0c<\/a><\/p>\n<h2><\/h2>\n<p>&nbsp;<\/p>\n<h4 align=\"JUSTIFY\"><strong>L&rsquo;ensemble vocal \u00ab\u00a08 de Ch\u0153ur\u00a0\u00bb<\/strong><\/h4>\n<div>Le 8 de ch\u0153ur est u<img loading=\"lazy\" class=\" wp-image-56 alignleft\" src=\"http:\/\/chanter-avec-flora.com\/wp-content\/uploads\/2017\/04\/image1-300x225.jpg\" alt=\"\" width=\"355\" height=\"266\" srcset=\"https:\/\/chanter-avec-flora.com\/wp-content\/uploads\/2017\/04\/image1-300x225.jpg 300w, https:\/\/chanter-avec-flora.com\/wp-content\/uploads\/2017\/04\/image1.jpg 640w\" sizes=\"(max-width: 355px) 100vw, 355px\" \/>n ensemble vocal de 8 chanteurs (2 sopranes, 2 alto, 2 t\u00e9nors et 2 basses).<\/div>\n<div>\u00a0.<\/div>\n<p>Les 8 chanteurs se sont rencontr\u00e9s au<a href=\"http:\/\/www.choeurunivnantes.fr\/fr\/\"> Ch\u0153ur Universitaire de Nantes<\/a>. S&rsquo;\u00e9loignant pour des raisons familiales ou professionnels, ils ont cr\u00e9\u00e9 ce petits groupe pour continuer \u00e0 chanter ensemble.<\/p>\n<p>Ils se retrouvent 3 \u00e0 4 fois par an pour donner des concerts lors de manifestations ou de concerts.<\/p>\n<p>&nbsp;<\/p>\n<p>&nbsp;<\/p>\n<p><img loading=\"lazy\" class=\" wp-image-53 alignright\" src=\"http:\/\/chanter-avec-flora.com\/wp-content\/uploads\/2017\/04\/20160905_163522-300x227.jpg\" alt=\"\" width=\"329\" height=\"249\" srcset=\"https:\/\/chanter-avec-flora.com\/wp-content\/uploads\/2017\/04\/20160905_163522-300x227.jpg 300w, https:\/\/chanter-avec-flora.com\/wp-content\/uploads\/2017\/04\/20160905_163522-768x582.jpg 768w, https:\/\/chanter-avec-flora.com\/wp-content\/uploads\/2017\/04\/20160905_163522-1024x776.jpg 1024w, https:\/\/chanter-avec-flora.com\/wp-content\/uploads\/2017\/04\/20160905_163522.jpg 1424w\" sizes=\"(max-width: 329px) 100vw, 329px\" \/><\/p>\n<p>&nbsp;<\/p>\n<p>Jorge\u00a0 \/ Philippe \/ Claire \/ Serge<\/p>\n<p>Flora \/ Caroline \/ Orianne\u00a0 \/ Julien<\/p>\n<p>&nbsp;<\/p>\n<p style=\"text-align: right;\">Prestation \u00e0 l&rsquo;occasion d&rsquo;une \u00ab\u00a0kermesse familiale\u00a0\u00bb en septembre 2016<\/p>\n<h4 style=\"text-align: left;\"><\/h4>\n<h4 style=\"text-align: left;\"><strong>PROGRAMME du CONCERT :<\/strong><\/h4>\n<h6>&#8211; Se lontan ben mio tu sei\u00a0\u00a0\u00a0\u00a0\u00a0\u00a0\u00a0\u00a0\u00a0\u00a0\u00a0 W.A. Mozart (1756-1791)<\/h6>\n<h6>&#8211; Stabat Mater\u00a0\u00a0\u00a0\u00a0\u00a0\u00a0\u00a0\u00a0\u00a0\u00a0\u00a0\u00a0\u00a0\u00a0\u00a0\u00a0\u00a0\u00a0\u00a0\u00a0\u00a0\u00a0\u00a0\u00a0\u00a0\u00a0\u00a0\u00a0\u00a0\u00a0\u00a0 Zoltan Kodaly (1882-1967)<\/h6>\n<h6>&#8211; Locus iste\u00a0\u00a0\u00a0\u00a0\u00a0\u00a0\u00a0\u00a0\u00a0\u00a0\u00a0\u00a0\u00a0\u00a0\u00a0\u00a0\u00a0\u00a0\u00a0\u00a0\u00a0\u00a0\u00a0\u00a0\u00a0\u00a0\u00a0\u00a0\u00a0\u00a0\u00a0\u00a0\u00a0\u00a0\u00a0\u00a0 Anton Bruckner (1824-1896)<\/h6>\n<p>&nbsp;<\/p>\n<h6>&#8211; Ubi caritas\u00a0\u00a0\u00a0\u00a0\u00a0\u00a0\u00a0\u00a0\u00a0\u00a0\u00a0\u00a0\u00a0\u00a0\u00a0\u00a0\u00a0\u00a0\u00a0\u00a0\u00a0\u00a0\u00a0\u00a0\u00a0\u00a0\u00a0\u00a0\u00a0\u00a0\u00a0\u00a0\u00a0\u00a0\u00a0\u00a0 Maurice Durufl\u00e9 (1902-1986)<\/h6>\n<h6>&#8211; Tu es Petrus\u00a0\u00a0\u00a0\u00a0\u00a0\u00a0\u00a0\u00a0\u00a0\u00a0\u00a0\u00a0\u00a0\u00a0\u00a0\u00a0\u00a0\u00a0\u00a0\u00a0\u00a0\u00a0\u00a0\u00a0\u00a0\u00a0\u00a0\u00a0\u00a0\u00a0\u00a0\u00a0\u00a0 Maurice Durufl\u00e9 (1902-1986)<\/h6>\n<h6>&#8211; Popule meus\u00a0\u00a0\u00a0\u00a0\u00a0\u00a0\u00a0\u00a0\u00a0\u00a0\u00a0\u00a0\u00a0\u00a0\u00a0\u00a0\u00a0\u00a0\u00a0\u00a0\u00a0\u00a0\u00a0\u00a0\u00a0\u00a0\u00a0\u00a0\u00a0\u00a0\u00a0 TL da Vittoria (1548-1611)<\/h6>\n<h6>&#8211; Exultate justi \u00a0 \u00a0 \u00a0 \u00a0 \u00a0 \u00a0 \u00a0 \u00a0 \u00a0 \u00a0 \u00a0 \u00a0 \u00a0 \u00a0 \u00a0 \u00a0\u00a0 Ludovico da Viadana (1560-1627)<\/h6>\n<p>&nbsp;<\/p>\n<h6><span style=\"color: #990099;\"><span style=\"font-size: large;\"><i>&#8211; <\/i><\/span><\/span>Tollite hostias\u00a0\u00a0\u00a0\u00a0\u00a0\u00a0\u00a0\u00a0\u00a0\u00a0\u00a0\u00a0\u00a0\u00a0\u00a0\u00a0\u00a0\u00a0\u00a0\u00a0\u00a0\u00a0\u00a0\u00a0\u00a0\u00a0\u00a0\u00a0\u00a0\u00a0\u00a0\u00a0 Camille Saint Saens<\/h6>\n<h6>&#8211; Le cantique de Jean Racine\u00a0\u00a0\u00a0\u00a0\u00a0\u00a0 Gabriel Faur\u00e9 (1845-1924)<\/h6>\n<h6>&#8211; Mille Regrets\u00a0\u00a0\u00a0\u00a0\u00a0\u00a0\u00a0\u00a0\u00a0\u00a0\u00a0\u00a0\u00a0\u00a0\u00a0\u00a0\u00a0\u00a0\u00a0\u00a0\u00a0\u00a0\u00a0\u00a0\u00a0\u00a0\u00a0\u00a0\u00a0\u00a0\u00a0 Josquin des Pr\u00e9s (1450-1521)<\/h6>\n<h6>&#8211; Pavane\u00a0\u00a0\u00a0\u00a0\u00a0\u00a0\u00a0\u00a0\u00a0\u00a0\u00a0\u00a0\u00a0\u00a0\u00a0\u00a0\u00a0\u00a0\u00a0\u00a0\u00a0\u00a0\u00a0\u00a0\u00a0\u00a0\u00a0\u00a0\u00a0\u00a0\u00a0\u00a0\u00a0\u00a0\u00a0\u00a0\u00a0\u00a0\u00a0\u00a0\u00a0\u00a0 Thoinot Arbeau (1520-1595)<\/h6>\n<p>&nbsp;<\/p>\n<h6>&#8211; Salve Regina\u00a0\u00a0\u00a0\u00a0\u00a0\u00a0\u00a0\u00a0\u00a0\u00a0\u00a0\u00a0\u00a0\u00a0\u00a0\u00a0\u00a0\u00a0\u00a0\u00a0\u00a0\u00a0\u00a0\u00a0\u00a0\u00a0\u00a0\u00a0\u00a0\u00a0\u00a0 Franz Liszt (1811-1886)<\/h6>\n<h6 lang=\"en-US\">&#8211; Salve Regina\u00a0\u00a0\u00a0\u00a0\u00a0\u00a0\u00a0\u00a0\u00a0\u00a0\u00a0\u00a0\u00a0\u00a0\u00a0\u00a0\u00a0\u00a0\u00a0\u00a0\u00a0\u00a0\u00a0\u00a0\u00a0\u00a0\u00a0\u00a0\u00a0\u00a0\u00a0 Schubert (1797-1828)<\/h6>\n<h6 lang=\"en-US\">&#8211; Salve Regina \u00a0 \u00a0 \u00a0 \u00a0 \u00a0 \u00a0 \u00a0 \u00a0 \u00a0 \u00a0 \u00a0 \u00a0 \u00a0 \u00a0 \u00a0\u00a0 G.F. Haendel (1685 \u2013 1759)<\/h6>\n<p>&nbsp;<\/p>\n<h6><span lang=\"en-US\">&#8211; Scarborough fair\u00a0\u00a0\u00a0\u00a0\u00a0\u00a0\u00a0\u00a0\u00a0\u00a0\u00a0\u00a0\u00a0\u00a0\u00a0\u00a0\u00a0\u00a0\u00a0\u00a0\u00a0\u00a0\u00a0\u00a0 B<\/span>allade traditionnelle anglaise<\/h6>\n<h6 lang=\"en-US\">&#8211; Name that tune\u00a0\u00a0\u00a0\u00a0\u00a0\u00a0\u00a0\u00a0\u00a0\u00a0\u00a0\u00a0\u00a0\u00a0\u00a0\u00a0\u00a0\u00a0\u00a0\u00a0\u00a0\u00a0\u00a0\u00a0\u00a0\u00a0 Grayston Yves (1948- )<\/h6>\n<p>&nbsp;<\/p>\n<h6 lang=\"en-US\">&#8211; Bogoroditse dievo radou\u00efsia\u00a0\u00a0\u00a0\u00a0\u00a0 S.V. Rachmaninov (1873-1943)<\/h6>\n<h6 lang=\"en-US\">&#8211; Ige Herouvimy\u00a0\u00a0\u00a0\u00a0\u00a0\u00a0\u00a0\u00a0\u00a0\u00a0\u00a0\u00a0\u00a0\u00a0\u00a0\u00a0\u00a0\u00a0\u00a0\u00a0\u00a0\u00a0\u00a0\u00a0\u00a0\u00a0\u00a0\u00a0\u00a0 Dmitri Bortniansky (1751-1825)<\/h6>\n<h6 lang=\"en-US\">&#8211; Slava v vychny\u00a0\u00a0\u00a0\u00a0\u00a0\u00a0\u00a0\u00a0\u00a0\u00a0\u00a0\u00a0\u00a0\u00a0\u00a0\u00a0\u00a0\u00a0\u00a0\u00a0\u00a0\u00a0\u00a0\u00a0\u00a0\u00a0\u00a0\u00a0\u00a0 Strokine ( fin du XIXe si\u00e8cle)<\/h6>\n<p>&nbsp;<\/p>\n<h6 lang=\"en-US\">&#8211; Deep river<\/h6>\n<h6 lang=\"en-US\">&#8211; Go down moses\u00a0\u00a0\u00a0\u00a0\u00a0\u00a0\u00a0\u00a0\u00a0\u00a0\u00a0\u00a0\u00a0\u00a0\u00a0\u00a0\u00a0\u00a0\u00a0\u00a0\u00a0\u00a0\u00a0\u00a0\u00a0\u00a0 Harm. : M. Schwingrouber<\/h6>\n<h6 lang=\"en-US\">&#8211; Oh happy day\u00a0\u00a0\u00a0\u00a0\u00a0\u00a0\u00a0\u00a0\u00a0\u00a0\u00a0\u00a0\u00a0\u00a0\u00a0\u00a0\u00a0\u00a0\u00a0\u00a0\u00a0\u00a0\u00a0\u00a0\u00a0\u00a0\u00a0\u00a0\u00a0\u00a0\u00a0 Harm. : J. Cretu<\/h6>\n<p>&nbsp;<\/p>\n<h6>&#8211; la pince \u00e0 linge\u00a0\u00a0\u00a0\u00a0\u00a0\u00a0\u00a0\u00a0\u00a0\u00a0\u00a0\u00a0\u00a0\u00a0\u00a0\u00a0\u00a0\u00a0\u00a0\u00a0\u00a0\u00a0\u00a0\u00a0\u00a0\u00a0\u00a0\u00a0 Beethoven &#8211; Harm : Norbert Ott \/ par. P. Dac et F. Blanche<\/h6>\n<h6>\u00a0&#8211; Mozart \u00e0 Lyon\u00a0\u00a0\u00a0\u00a0\u00a0\u00a0\u00a0\u00a0\u00a0\u00a0\u00a0\u00a0\u00a0\u00a0\u00a0\u00a0\u00a0\u00a0\u00a0\u00a0\u00a0\u00a0\u00a0\u00a0\u00a0\u00a0\u00a0\u00a0\u00a0 Mozart &#8211; Adap.: R. Miller \/ Texte : John Allison<\/h6>\n","protected":false},"excerpt":{"rendered":"<p>&nbsp; Cette ann\u00e9e, la chorale Au Fil de l&rsquo;Erdre accueille pour son concert annuel l&rsquo;ensemble vocal 8 de choeur. Vendredi 9 juin 2017 : \u00e9glise de Nort sur Erdre &nbsp; &nbsp; &nbsp; &nbsp; &nbsp; &nbsp; &nbsp; &nbsp; &nbsp; &nbsp; Chorale Au fil de l&rsquo;Erdre La chorale est un ensemble d&rsquo;environ une trentaine de choristes. L&rsquo;association a \u00e9t\u00e9 cr\u00e9e en janvier 1989. Elle a pour but de faire d\u00e9couvrir la musique <a class=\"read-more\" href=\"https:\/\/chanter-avec-flora.com\/index.php\/concert-au-fil-de-lerdre-vendredi-9-juin-2017\/\">Cliquer pour lire la suite !<\/a><\/p>\n","protected":false},"author":1,"featured_media":0,"parent":0,"menu_order":0,"comment_status":"closed","ping_status":"closed","template":"","meta":[],"_links":{"self":[{"href":"https:\/\/chanter-avec-flora.com\/index.php\/wp-json\/wp\/v2\/pages\/50"}],"collection":[{"href":"https:\/\/chanter-avec-flora.com\/index.php\/wp-json\/wp\/v2\/pages"}],"about":[{"href":"https:\/\/chanter-avec-flora.com\/index.php\/wp-json\/wp\/v2\/types\/page"}],"author":[{"embeddable":true,"href":"https:\/\/chanter-avec-flora.com\/index.php\/wp-json\/wp\/v2\/users\/1"}],"replies":[{"embeddable":true,"href":"https:\/\/chanter-avec-flora.com\/index.php\/wp-json\/wp\/v2\/comments?post=50"}],"version-history":[{"count":34,"href":"https:\/\/chanter-avec-flora.com\/index.php\/wp-json\/wp\/v2\/pages\/50\/revisions"}],"predecessor-version":[{"id":189,"href":"https:\/\/chanter-avec-flora.com\/index.php\/wp-json\/wp\/v2\/pages\/50\/revisions\/189"}],"wp:attachment":[{"href":"https:\/\/chanter-avec-flora.com\/index.php\/wp-json\/wp\/v2\/media?parent=50"}],"curies":[{"name":"wp","href":"https:\/\/api.w.org\/{rel}","templated":true}]}}