{"id":172,"date":"2017-05-23T11:27:27","date_gmt":"2017-05-23T09:27:27","guid":{"rendered":"http:\/\/chanter-avec-flora.com\/?page_id=172"},"modified":"2017-06-01T14:09:24","modified_gmt":"2017-06-01T12:09:24","slug":"calendrier-concerts","status":"publish","type":"page","link":"https:\/\/chanter-avec-flora.com\/index.php\/calendrier-concerts\/","title":{"rendered":"A voir : Calendrier concerts"},"content":{"rendered":"<p>Voici les dates de mes diff\u00e9rents concerts de juin 2017.<\/p>\n<p>Pour d\u00e9couvrir les diff\u00e9rents ensembles et le programme de chaque concert, n&rsquo;h\u00e9sitez pas \u00e0 cliquer sur la date !<\/p>\n<p>Au plaisir de se retrouver lors\u00a0 de ses manifestations&#8230;<\/p>\n<p><a href=\"http:\/\/chanter-avec-flora.com\/index.php\/lfa-sol-2-juin-2017-couffe\/\"><em><img loading=\"lazy\" class=\"wp-image-55 alignleft\" src=\"http:\/\/chanter-avec-flora.com\/wp-content\/uploads\/2017\/04\/FETE-DE-LA-MUSIQUE-2017-copie-212x300.jpg\" alt=\"\" width=\"86\" height=\"121\" srcset=\"https:\/\/chanter-avec-flora.com\/wp-content\/uploads\/2017\/04\/FETE-DE-LA-MUSIQUE-2017-copie-212x300.jpg 212w, https:\/\/chanter-avec-flora.com\/wp-content\/uploads\/2017\/04\/FETE-DE-LA-MUSIQUE-2017-copie-768x1086.jpg 768w, https:\/\/chanter-avec-flora.com\/wp-content\/uploads\/2017\/04\/FETE-DE-LA-MUSIQUE-2017-copie-724x1024.jpg 724w, https:\/\/chanter-avec-flora.com\/wp-content\/uploads\/2017\/04\/FETE-DE-LA-MUSIQUE-2017-copie.jpg 788w\" sizes=\"(max-width: 86px) 100vw, 86px\" \/><\/em><\/a><a href=\"http:\/\/chanter-avec-flora.com\/index.php\/lfa-sol-2-juin-2017-couffe\/\"><em>Vendredi 2 juin : F<\/em><\/a><a href=\"http:\/\/chanter-avec-flora.com\/index.php\/lfa-sol-2-juin-2017-couffe\/\"><em>\u00eate de la musique de Couff\u00e9<\/em><\/a><\/p>\n<ul>\n<li>20h &#8211; 00h : L&rsquo;Fa Sol, trio pop<\/li>\n<li>21h\u00a0 : <a href=\"http:\/\/chanter-avec-flora.com\/index.php\/la-croche-choeur\/\">la Croche choeur<\/a>, chorale adulte de l&rsquo;EMI<\/li>\n<\/ul>\n<p>&nbsp;<\/p>\n<p><a href=\"http:\/\/chanter-avec-flora.com\/index.php\/concert-au-fil-de-lerdre-vendredi-9-juin-2017\/\"><em>Vendredi 9 juin 20h 30 : \u00e9glise Nort sur Erdre<\/em><\/a><a href=\"http:\/\/chanter-avec-flora.com\/index.php\/concert-au-fil-de-lerdre-vendredi-9-juin-2017\/\"><img loading=\"lazy\" class=\"wp-image-54 alignleft\" src=\"http:\/\/chanter-avec-flora.com\/wp-content\/uploads\/2017\/04\/affiche-chorale-2017-001-003-219x300.jpg\" alt=\"\" width=\"90\" height=\"123\" srcset=\"https:\/\/chanter-avec-flora.com\/wp-content\/uploads\/2017\/04\/affiche-chorale-2017-001-003-219x300.jpg 219w, https:\/\/chanter-avec-flora.com\/wp-content\/uploads\/2017\/04\/affiche-chorale-2017-001-003-768x1052.jpg 768w, https:\/\/chanter-avec-flora.com\/wp-content\/uploads\/2017\/04\/affiche-chorale-2017-001-003-748x1024.jpg 748w, https:\/\/chanter-avec-flora.com\/wp-content\/uploads\/2017\/04\/affiche-chorale-2017-001-003.jpg 1168w\" sizes=\"(max-width: 90px) 100vw, 90px\" \/><\/a><\/p>\n<ul>\n<li>Chorale Au fil de l&rsquo;Erdre, chorale classique<\/li>\n<li>8 de ch\u0153ur : ensemble vocal classique et gospel<\/li>\n<\/ul>\n<p>&nbsp;<\/p>\n<p><a href=\"http:\/\/chanter-avec-flora.com\/index.php\/la-croche-choeur\/\"><em><img loading=\"lazy\" class=\"cboxPhoto alignleft\" src=\"http:\/\/ecoledemusique-emi.com\/wp-content\/uploads\/2017\/05\/nort-2017.jpg\" width=\"101\" height=\"151\" \/><\/em><\/a><\/p>\n<p>&nbsp;<\/p>\n<p><a href=\"http:\/\/chanter-avec-flora.com\/index.php\/la-croche-choeur\/\"><em>Vendredi 16 juin :\u00a0\u00a0\u00a0\u00a0<\/em><\/a><\/p>\n<ul>\n<li>\u00a018h Foyer \u00e0 Teill\u00e9 : L&rsquo;Fa Sol<\/li>\n<li>\u00a0 F\u00eate de la musique\u00a0 de Nort sur Erdre : 20h30 Au fil de l&rsquo;Erdre\u00a0 puis 20h50\u00a0 la Croche choeur<\/li>\n<\/ul>\n<p>&nbsp;<\/p>\n<p><a href=\"http:\/\/chanter-avec-flora.com\/index.php\/concert-au-fil-de-lerdre-vendredi-9-juin-2017\/\"><em>Samedi 17 juin :<\/em><\/a><\/p>\n<ul>\n<li>20h30 : F\u00eate de la musique de Moisdon la rivi\u00e8re &#8211; Chorale Au fil de l&rsquo;Erdre<\/li>\n<\/ul>\n<p>&nbsp;<\/p>\n<p><a href=\"http:\/\/chanter-avec-flora.com\/index.php\/lfa-sol-2-juin-2017-couffe\/\"><em>Samedi 24 juin :<\/em><\/a><\/p>\n<ul>\n<li>19h : F\u00eate de la musique d&rsquo;Oudon &#8211; L&rsquo;Fa Sol et Pierre Lussiau<\/li>\n<\/ul>\n","protected":false},"excerpt":{"rendered":"<p>Voici les dates de mes diff\u00e9rents concerts de juin 2017. Pour d\u00e9couvrir les diff\u00e9rents ensembles et le programme de chaque concert, n&rsquo;h\u00e9sitez pas \u00e0 cliquer sur la date ! Au plaisir de se retrouver lors\u00a0 de ses manifestations&#8230; Vendredi 2 juin : F\u00eate de la musique de Couff\u00e9 20h &#8211; 00h : L&rsquo;Fa Sol, trio pop 21h\u00a0 : la Croche choeur, chorale adulte de l&rsquo;EMI &nbsp; Vendredi 9 juin 20h <a class=\"read-more\" href=\"https:\/\/chanter-avec-flora.com\/index.php\/calendrier-concerts\/\">Cliquer pour lire la suite !<\/a><\/p>\n","protected":false},"author":1,"featured_media":0,"parent":0,"menu_order":0,"comment_status":"closed","ping_status":"closed","template":"","meta":[],"_links":{"self":[{"href":"https:\/\/chanter-avec-flora.com\/index.php\/wp-json\/wp\/v2\/pages\/172"}],"collection":[{"href":"https:\/\/chanter-avec-flora.com\/index.php\/wp-json\/wp\/v2\/pages"}],"about":[{"href":"https:\/\/chanter-avec-flora.com\/index.php\/wp-json\/wp\/v2\/types\/page"}],"author":[{"embeddable":true,"href":"https:\/\/chanter-avec-flora.com\/index.php\/wp-json\/wp\/v2\/users\/1"}],"replies":[{"embeddable":true,"href":"https:\/\/chanter-avec-flora.com\/index.php\/wp-json\/wp\/v2\/comments?post=172"}],"version-history":[{"count":10,"href":"https:\/\/chanter-avec-flora.com\/index.php\/wp-json\/wp\/v2\/pages\/172\/revisions"}],"predecessor-version":[{"id":187,"href":"https:\/\/chanter-avec-flora.com\/index.php\/wp-json\/wp\/v2\/pages\/172\/revisions\/187"}],"wp:attachment":[{"href":"https:\/\/chanter-avec-flora.com\/index.php\/wp-json\/wp\/v2\/media?parent=172"}],"curies":[{"name":"wp","href":"https:\/\/api.w.org\/{rel}","templated":true}]}}